{"id":101,"date":"2016-04-08T13:51:41","date_gmt":"2016-04-08T13:51:41","guid":{"rendered":"https:\/\/oceanwp.org\/store\/product\/stiletto-sandal\/"},"modified":"2026-01-11T08:51:41","modified_gmt":"2026-01-11T07:51:41","slug":"meribou","status":"publish","type":"product","link":"https:\/\/bycekaelle.com\/index.php\/produit\/meribou\/","title":{"rendered":"M\u00e9riBou"},"content":{"rendered":"<p>Provenance : <strong>Le m\u00e9rinos Superwash <\/strong>provient d&rsquo;Argentine, d&rsquo;Uruguay ou d&rsquo;Europe.\u00a0 Il est issu de fermes ne pratiquant pas le mulesing. <strong>Le bambou<\/strong> est cultiv\u00e9 en Chine.<\/p>\n<p>&nbsp;<\/p>\n<p>C\u2019est une fibre tr\u00e8s douce qui convient pour toutes sortes d\u2019ouvrages, y compris la layette.<\/p>\n<p>Bien que trait\u00e9e superwash , je conseille un lavage \u00e0 la main et un s\u00e9chage \u00e0 plat.<\/p>\n<p>Le fil est rond et souple accroissant la r\u00e9gularit\u00e9 du point. Le bambou n\u2019alt\u00e8re pas\u00a0 non plus l\u2019\u00e9lasticit\u00e9 naturelle du m\u00e9rinos.<\/p>\n<p class=\"Corps\" style=\"text-align: justify;\">Aiguilles : 2,5 \u00e0 3 mm<\/p>\n","protected":false},"excerpt":{"rendered":"<ul>\n<li class=\"Corps\">80% m\u00e9rinos SW , 20% Bambou<\/li>\n<li class=\"Corps\">Caract\u00e9ristiques : 4 brins<\/li>\n<li class=\"Corps\">Grosseur : Fingering, environs 400m\/100g<\/li>\n<\/ul>\n","protected":false},"featured_media":1304,"comment_status":"open","ping_status":"closed","template":"","meta":{"ocean_post_layout":"","ocean_both_sidebars_style":"","ocean_both_sidebars_content_width":0,"ocean_both_sidebars_sidebars_width":0,"ocean_sidebar":"0","ocean_second_sidebar":"0","ocean_disable_margins":"enable","ocean_add_body_class":"","ocean_shortcode_before_top_bar":"","ocean_shortcode_after_top_bar":"","ocean_shortcode_before_header":"","ocean_shortcode_after_header":"","ocean_has_shortcode":"","ocean_shortcode_after_title":"","ocean_shortcode_before_footer_widgets":"","ocean_shortcode_after_footer_widgets":"","ocean_shortcode_before_footer_bottom":"","ocean_shortcode_after_footer_bottom":"","ocean_display_top_bar":"default","ocean_display_header":"default","ocean_header_style":"","ocean_center_header_left_menu":"0","ocean_custom_header_template":"0","ocean_custom_logo":0,"ocean_custom_retina_logo":0,"ocean_custom_logo_max_width":0,"ocean_custom_logo_tablet_max_width":0,"ocean_custom_logo_mobile_max_width":0,"ocean_custom_logo_max_height":0,"ocean_custom_logo_tablet_max_height":0,"ocean_custom_logo_mobile_max_height":0,"ocean_header_custom_menu":"0","ocean_menu_typo_font_family":"0","ocean_menu_typo_font_subset":"","ocean_menu_typo_font_size":0,"ocean_menu_typo_font_size_tablet":0,"ocean_menu_typo_font_size_mobile":0,"ocean_menu_typo_font_size_unit":"px","ocean_menu_typo_font_weight":"","ocean_menu_typo_font_weight_tablet":"","ocean_menu_typo_font_weight_mobile":"","ocean_menu_typo_transform":"","ocean_menu_typo_transform_tablet":"","ocean_menu_typo_transform_mobile":"","ocean_menu_typo_line_height":0,"ocean_menu_typo_line_height_tablet":0,"ocean_menu_typo_line_height_mobile":0,"ocean_menu_typo_line_height_unit":"","ocean_menu_typo_spacing":0,"ocean_menu_typo_spacing_tablet":0,"ocean_menu_typo_spacing_mobile":0,"ocean_menu_typo_spacing_unit":"","ocean_menu_link_color":"","ocean_menu_link_color_hover":"","ocean_menu_link_color_active":"","ocean_menu_link_background":"","ocean_menu_link_hover_background":"","ocean_menu_link_active_background":"","ocean_menu_social_links_bg":"","ocean_menu_social_hover_links_bg":"","ocean_menu_social_links_color":"","ocean_menu_social_hover_links_color":"","ocean_disable_title":"default","ocean_disable_heading":"default","ocean_post_title":"","ocean_post_subheading":"","ocean_post_title_style":"","ocean_post_title_background_color":"","ocean_post_title_background":0,"ocean_post_title_bg_image_position":"","ocean_post_title_bg_image_attachment":"","ocean_post_title_bg_image_repeat":"","ocean_post_title_bg_image_size":"","ocean_post_title_height":0,"ocean_post_title_bg_overlay":0.5,"ocean_post_title_bg_overlay_color":"","ocean_disable_breadcrumbs":"default","ocean_breadcrumbs_color":"","ocean_breadcrumbs_separator_color":"","ocean_breadcrumbs_links_color":"","ocean_breadcrumbs_links_hover_color":"","ocean_display_footer_widgets":"default","ocean_display_footer_bottom":"default","ocean_custom_footer_template":"0"},"product_brand":[],"product_cat":[118,15,60],"product_tag":[61],"class_list":{"0":"post-101","1":"product","2":"type-product","3":"status-publish","4":"has-post-thumbnail","6":"product_cat-les-fils-fingering","7":"product_cat-defaut","8":"product_cat-toutes-mes-laines","9":"product_tag-laines","11":"entry","12":"has-media","14":"first","15":"instock","16":"shipping-taxable","17":"purchasable","18":"product-type-variable","19":"has-rating","20":"has-product-nav","21":"col","22":"span_1_of_4","23":"owp-content-center","24":"owp-thumbs-layout-horizontal","25":"owp-btn-normal","26":"owp-tabs-layout-horizontal"},"_links":{"self":[{"href":"https:\/\/bycekaelle.com\/index.php\/wp-json\/wp\/v2\/product\/101","targetHints":{"allow":["GET"]}}],"collection":[{"href":"https:\/\/bycekaelle.com\/index.php\/wp-json\/wp\/v2\/product"}],"about":[{"href":"https:\/\/bycekaelle.com\/index.php\/wp-json\/wp\/v2\/types\/product"}],"replies":[{"embeddable":true,"href":"https:\/\/bycekaelle.com\/index.php\/wp-json\/wp\/v2\/comments?post=101"}],"version-history":[{"count":2,"href":"https:\/\/bycekaelle.com\/index.php\/wp-json\/wp\/v2\/product\/101\/revisions"}],"predecessor-version":[{"id":1213,"href":"https:\/\/bycekaelle.com\/index.php\/wp-json\/wp\/v2\/product\/101\/revisions\/1213"}],"wp:featuredmedia":[{"embeddable":true,"href":"https:\/\/bycekaelle.com\/index.php\/wp-json\/wp\/v2\/media\/1304"}],"wp:attachment":[{"href":"https:\/\/bycekaelle.com\/index.php\/wp-json\/wp\/v2\/media?parent=101"}],"wp:term":[{"taxonomy":"product_brand","embeddable":true,"href":"https:\/\/bycekaelle.com\/index.php\/wp-json\/wp\/v2\/product_brand?post=101"},{"taxonomy":"product_cat","embeddable":true,"href":"https:\/\/bycekaelle.com\/index.php\/wp-json\/wp\/v2\/product_cat?post=101"},{"taxonomy":"product_tag","embeddable":true,"href":"https:\/\/bycekaelle.com\/index.php\/wp-json\/wp\/v2\/product_tag?post=101"}],"curies":[{"name":"wp","href":"https:\/\/api.w.org\/{rel}","templated":true}]}}