{"id":2203,"date":"2023-06-25T10:28:41","date_gmt":"2023-06-25T08:28:41","guid":{"rendered":"https:\/\/bycekaelle.com\/?post_type=product&#038;p=2203"},"modified":"2026-04-18T09:59:35","modified_gmt":"2026-04-18T07:59:35","slug":"chaussettes-elle-lui-yelle","status":"publish","type":"product","link":"https:\/\/bycekaelle.com\/index.php\/produit\/chaussettes-elle-lui-yelle\/","title":{"rendered":"Chaussettes Elle lui Yelle"},"content":{"rendered":"<p>3 mod\u00e8les de chaussette autour de motifs de coeur<\/p>\n<p>Pour r\u00e9aliser une paire de chaussettes , vous aurez besoin\u00a0 60g\u00a0 \u00e0 100g de laine \u00e0 chaussettes de grosseur fingering (Merylon par exemple), selon la longueur de tige que vous choisissez. Vous pouvez choisir de contraster la pointe et le talon (20g de laine)<\/p>\n<p>Les mod\u00e8les se commencent par la pointe. Les explications des motifs sont sous forme de diagramme. Le talon est renforc\u00e9 , pr\u00e9c\u00e9d\u00e9 d&rsquo;un gousset.<\/p>\n","protected":false},"excerpt":{"rendered":"<p>3 mod\u00e8les de chaussette autour de motifs de coeur Pour r\u00e9aliser une paire de chaussettes , vous aurez besoin\u00a0 60g\u00a0 \u00e0 100g de laine \u00e0 chaussettes de grosseur fingering (Merylon [&hellip;]<\/p>\n","protected":false},"featured_media":2207,"comment_status":"open","ping_status":"closed","template":"","meta":{"ocean_post_layout":"","ocean_both_sidebars_style":"","ocean_both_sidebars_content_width":0,"ocean_both_sidebars_sidebars_width":0,"ocean_sidebar":"0","ocean_second_sidebar":"0","ocean_disable_margins":"enable","ocean_add_body_class":"","ocean_shortcode_before_top_bar":"","ocean_shortcode_after_top_bar":"","ocean_shortcode_before_header":"","ocean_shortcode_after_header":"","ocean_has_shortcode":"","ocean_shortcode_after_title":"","ocean_shortcode_before_footer_widgets":"","ocean_shortcode_after_footer_widgets":"","ocean_shortcode_before_footer_bottom":"","ocean_shortcode_after_footer_bottom":"","ocean_display_top_bar":"default","ocean_display_header":"default","ocean_header_style":"","ocean_center_header_left_menu":"0","ocean_custom_header_template":"0","ocean_custom_logo":0,"ocean_custom_retina_logo":0,"ocean_custom_logo_max_width":0,"ocean_custom_logo_tablet_max_width":0,"ocean_custom_logo_mobile_max_width":0,"ocean_custom_logo_max_height":0,"ocean_custom_logo_tablet_max_height":0,"ocean_custom_logo_mobile_max_height":0,"ocean_header_custom_menu":"0","ocean_menu_typo_font_family":"0","ocean_menu_typo_font_subset":"","ocean_menu_typo_font_size":0,"ocean_menu_typo_font_size_tablet":0,"ocean_menu_typo_font_size_mobile":0,"ocean_menu_typo_font_size_unit":"px","ocean_menu_typo_font_weight":"","ocean_menu_typo_font_weight_tablet":"","ocean_menu_typo_font_weight_mobile":"","ocean_menu_typo_transform":"","ocean_menu_typo_transform_tablet":"","ocean_menu_typo_transform_mobile":"","ocean_menu_typo_line_height":0,"ocean_menu_typo_line_height_tablet":0,"ocean_menu_typo_line_height_mobile":0,"ocean_menu_typo_line_height_unit":"","ocean_menu_typo_spacing":0,"ocean_menu_typo_spacing_tablet":0,"ocean_menu_typo_spacing_mobile":0,"ocean_menu_typo_spacing_unit":"","ocean_menu_link_color":"","ocean_menu_link_color_hover":"","ocean_menu_link_color_active":"","ocean_menu_link_background":"","ocean_menu_link_hover_background":"","ocean_menu_link_active_background":"","ocean_menu_social_links_bg":"","ocean_menu_social_hover_links_bg":"","ocean_menu_social_links_color":"","ocean_menu_social_hover_links_color":"","ocean_disable_title":"default","ocean_disable_heading":"default","ocean_post_title":"","ocean_post_subheading":"","ocean_post_title_style":"","ocean_post_title_background_color":"","ocean_post_title_background":0,"ocean_post_title_bg_image_position":"","ocean_post_title_bg_image_attachment":"","ocean_post_title_bg_image_repeat":"","ocean_post_title_bg_image_size":"","ocean_post_title_height":0,"ocean_post_title_bg_overlay":0.5,"ocean_post_title_bg_overlay_color":"","ocean_disable_breadcrumbs":"default","ocean_breadcrumbs_color":"","ocean_breadcrumbs_separator_color":"","ocean_breadcrumbs_links_color":"","ocean_breadcrumbs_links_hover_color":"","ocean_display_footer_widgets":"default","ocean_display_footer_bottom":"default","ocean_custom_footer_template":"0"},"product_brand":[],"product_cat":[65,72,15],"product_tag":[],"class_list":{"0":"post-2203","1":"product","2":"type-product","3":"status-publish","4":"has-post-thumbnail","6":"product_cat-by-cekaelle-patron-de-tricot","7":"product_cat-sur-les-pieds","8":"product_cat-defaut","10":"entry","11":"has-media","13":"first","14":"instock","15":"downloadable","16":"virtual","17":"purchasable","18":"product-type-simple","19":"has-rating","20":"has-product-nav","21":"col","22":"span_1_of_4","23":"owp-content-center","24":"owp-thumbs-layout-horizontal","25":"owp-btn-normal","26":"owp-tabs-layout-horizontal"},"_links":{"self":[{"href":"https:\/\/bycekaelle.com\/index.php\/wp-json\/wp\/v2\/product\/2203","targetHints":{"allow":["GET"]}}],"collection":[{"href":"https:\/\/bycekaelle.com\/index.php\/wp-json\/wp\/v2\/product"}],"about":[{"href":"https:\/\/bycekaelle.com\/index.php\/wp-json\/wp\/v2\/types\/product"}],"replies":[{"embeddable":true,"href":"https:\/\/bycekaelle.com\/index.php\/wp-json\/wp\/v2\/comments?post=2203"}],"version-history":[{"count":1,"href":"https:\/\/bycekaelle.com\/index.php\/wp-json\/wp\/v2\/product\/2203\/revisions"}],"predecessor-version":[{"id":2204,"href":"https:\/\/bycekaelle.com\/index.php\/wp-json\/wp\/v2\/product\/2203\/revisions\/2204"}],"wp:featuredmedia":[{"embeddable":true,"href":"https:\/\/bycekaelle.com\/index.php\/wp-json\/wp\/v2\/media\/2207"}],"wp:attachment":[{"href":"https:\/\/bycekaelle.com\/index.php\/wp-json\/wp\/v2\/media?parent=2203"}],"wp:term":[{"taxonomy":"product_brand","embeddable":true,"href":"https:\/\/bycekaelle.com\/index.php\/wp-json\/wp\/v2\/product_brand?post=2203"},{"taxonomy":"product_cat","embeddable":true,"href":"https:\/\/bycekaelle.com\/index.php\/wp-json\/wp\/v2\/product_cat?post=2203"},{"taxonomy":"product_tag","embeddable":true,"href":"https:\/\/bycekaelle.com\/index.php\/wp-json\/wp\/v2\/product_tag?post=2203"}],"curies":[{"name":"wp","href":"https:\/\/api.w.org\/{rel}","templated":true}]}}