{"id":2389,"date":"2023-07-03T18:50:34","date_gmt":"2023-07-03T16:50:34","guid":{"rendered":"https:\/\/bycekaelle.com\/?post_type=product&#038;p=2389"},"modified":"2025-10-28T17:42:50","modified_gmt":"2025-10-28T16:42:50","slug":"merylon-50","status":"publish","type":"product","link":"https:\/\/bycekaelle.com\/index.php\/produit\/merylon-50\/","title":{"rendered":"M\u00e9rylon 50"},"content":{"rendered":"<p>La pr\u00e9sence de Nylon dans cette fibre douce permet de tricoter tous les ouvrages notamment les chaussettes et la layette. Le lavage en machine cycle laine est possible bien que je conseille toujours un lavage \u00e0 la main avec lessive adapt\u00e9e \u00e0 la laine. Je propose 3 longueurs d\u2019\u00e9cheveaux : 100g pour environs 400m, 50g pour environs 200m et 20g pour environ 80m.<\/p>\n<p>Provenance :<strong>Le m\u00e9rinos Superwash (SW) <\/strong>provient d&rsquo;Argentine, d&rsquo;Uruguay ou d&rsquo;Europe.\u00a0 Il est issu de fermes ne pratiquant pas le mulesing. <strong>Le nylon<\/strong> est produit en Allemagne<\/p>\n<p>Composition: 75% m\u00e9rinos SW , 25% Nylon<\/p>\n<p>Caract\u00e9ristiques : 4 brins<\/p>\n<p>Grosseur : Fingering, environs 200m\/50g<\/p>\n<p>Aiguilles : 2,5 \u00e0 3,5 mm<\/p>\n","protected":false},"excerpt":{"rendered":"<p>La pr\u00e9sence de Nylon dans cette fibre douce permet de tricoter tous les ouvrages notamment les chaussettes et la layette. Le lavage en machine cycle laine est possible bien que [&hellip;]<\/p>\n","protected":false},"featured_media":1582,"comment_status":"open","ping_status":"closed","template":"","meta":{"ocean_post_layout":"","ocean_both_sidebars_style":"","ocean_both_sidebars_content_width":0,"ocean_both_sidebars_sidebars_width":0,"ocean_sidebar":"0","ocean_second_sidebar":"0","ocean_disable_margins":"enable","ocean_add_body_class":"","ocean_shortcode_before_top_bar":"","ocean_shortcode_after_top_bar":"","ocean_shortcode_before_header":"","ocean_shortcode_after_header":"","ocean_has_shortcode":"","ocean_shortcode_after_title":"","ocean_shortcode_before_footer_widgets":"","ocean_shortcode_after_footer_widgets":"","ocean_shortcode_before_footer_bottom":"","ocean_shortcode_after_footer_bottom":"","ocean_display_top_bar":"default","ocean_display_header":"default","ocean_header_style":"","ocean_center_header_left_menu":"0","ocean_custom_header_template":"0","ocean_custom_logo":0,"ocean_custom_retina_logo":0,"ocean_custom_logo_max_width":0,"ocean_custom_logo_tablet_max_width":0,"ocean_custom_logo_mobile_max_width":0,"ocean_custom_logo_max_height":0,"ocean_custom_logo_tablet_max_height":0,"ocean_custom_logo_mobile_max_height":0,"ocean_header_custom_menu":"0","ocean_menu_typo_font_family":"0","ocean_menu_typo_font_subset":"","ocean_menu_typo_font_size":0,"ocean_menu_typo_font_size_tablet":0,"ocean_menu_typo_font_size_mobile":0,"ocean_menu_typo_font_size_unit":"px","ocean_menu_typo_font_weight":"","ocean_menu_typo_font_weight_tablet":"","ocean_menu_typo_font_weight_mobile":"","ocean_menu_typo_transform":"","ocean_menu_typo_transform_tablet":"","ocean_menu_typo_transform_mobile":"","ocean_menu_typo_line_height":0,"ocean_menu_typo_line_height_tablet":0,"ocean_menu_typo_line_height_mobile":0,"ocean_menu_typo_line_height_unit":"","ocean_menu_typo_spacing":0,"ocean_menu_typo_spacing_tablet":0,"ocean_menu_typo_spacing_mobile":0,"ocean_menu_typo_spacing_unit":"","ocean_menu_link_color":"","ocean_menu_link_color_hover":"","ocean_menu_link_color_active":"","ocean_menu_link_background":"","ocean_menu_link_hover_background":"","ocean_menu_link_active_background":"","ocean_menu_social_links_bg":"","ocean_menu_social_hover_links_bg":"","ocean_menu_social_links_color":"","ocean_menu_social_hover_links_color":"","ocean_disable_title":"default","ocean_disable_heading":"default","ocean_post_title":"","ocean_post_subheading":"","ocean_post_title_style":"","ocean_post_title_background_color":"","ocean_post_title_background":0,"ocean_post_title_bg_image_position":"","ocean_post_title_bg_image_attachment":"","ocean_post_title_bg_image_repeat":"","ocean_post_title_bg_image_size":"","ocean_post_title_height":0,"ocean_post_title_bg_overlay":0.5,"ocean_post_title_bg_overlay_color":"","ocean_disable_breadcrumbs":"default","ocean_breadcrumbs_color":"","ocean_breadcrumbs_separator_color":"","ocean_breadcrumbs_links_color":"","ocean_breadcrumbs_links_hover_color":"","ocean_display_footer_widgets":"default","ocean_display_footer_bottom":"default","ocean_custom_footer_template":"0"},"product_brand":[],"product_cat":[110,118,15,60],"product_tag":[],"class_list":{"0":"post-2389","1":"product","2":"type-product","3":"status-publish","4":"has-post-thumbnail","6":"product_cat-les-fils-a-chaussette","7":"product_cat-les-fils-fingering","8":"product_cat-defaut","9":"product_cat-toutes-mes-laines","11":"entry","12":"has-media","14":"first","15":"instock","16":"shipping-taxable","17":"purchasable","18":"product-type-variable","19":"has-product-nav","20":"col","21":"span_1_of_4","22":"owp-content-center","23":"owp-thumbs-layout-horizontal","24":"owp-btn-normal","25":"owp-tabs-layout-horizontal"},"_links":{"self":[{"href":"https:\/\/bycekaelle.com\/index.php\/wp-json\/wp\/v2\/product\/2389","targetHints":{"allow":["GET"]}}],"collection":[{"href":"https:\/\/bycekaelle.com\/index.php\/wp-json\/wp\/v2\/product"}],"about":[{"href":"https:\/\/bycekaelle.com\/index.php\/wp-json\/wp\/v2\/types\/product"}],"replies":[{"embeddable":true,"href":"https:\/\/bycekaelle.com\/index.php\/wp-json\/wp\/v2\/comments?post=2389"}],"version-history":[{"count":2,"href":"https:\/\/bycekaelle.com\/index.php\/wp-json\/wp\/v2\/product\/2389\/revisions"}],"predecessor-version":[{"id":2487,"href":"https:\/\/bycekaelle.com\/index.php\/wp-json\/wp\/v2\/product\/2389\/revisions\/2487"}],"wp:featuredmedia":[{"embeddable":true,"href":"https:\/\/bycekaelle.com\/index.php\/wp-json\/wp\/v2\/media\/1582"}],"wp:attachment":[{"href":"https:\/\/bycekaelle.com\/index.php\/wp-json\/wp\/v2\/media?parent=2389"}],"wp:term":[{"taxonomy":"product_brand","embeddable":true,"href":"https:\/\/bycekaelle.com\/index.php\/wp-json\/wp\/v2\/product_brand?post=2389"},{"taxonomy":"product_cat","embeddable":true,"href":"https:\/\/bycekaelle.com\/index.php\/wp-json\/wp\/v2\/product_cat?post=2389"},{"taxonomy":"product_tag","embeddable":true,"href":"https:\/\/bycekaelle.com\/index.php\/wp-json\/wp\/v2\/product_tag?post=2389"}],"curies":[{"name":"wp","href":"https:\/\/api.w.org\/{rel}","templated":true}]}}