{"id":3326,"date":"2024-09-28T18:53:04","date_gmt":"2024-09-28T16:53:04","guid":{"rendered":"https:\/\/bycekaelle.com\/?post_type=product&#038;p=3326"},"modified":"2025-10-27T17:22:11","modified_gmt":"2025-10-27T16:22:11","slug":"elsa","status":"publish","type":"product","link":"https:\/\/bycekaelle.com\/index.php\/produit\/elsa\/","title":{"rendered":"Elsa"},"content":{"rendered":"<p>Ce fil 100% Alpaga est issu d&rsquo;un petit \u00e9levage de 5 alpagas, situ\u00e9 en Alsace.<\/p>\n<p>Il est propos\u00e9 en \u00a03 couleurs naturelles : cr\u00e8me, marron clair et gris-noir. Le m\u00e9trage est diff\u00e9rent selon la couleur du fil et sa grosseur et correspond \u00e0 la fibre de l&rsquo;animal. Il est not\u00e9 sur la pelote.<\/p>\n","protected":false},"excerpt":{"rendered":"<p>Ce fil 100% Alpaga est issu d&rsquo;un petit \u00e9levage de 5 alpagas, situ\u00e9 en Alsace. Il est propos\u00e9 en \u00a03 couleurs naturelles : cr\u00e8me, marron clair et gris-noir. Le m\u00e9trage [&hellip;]<\/p>\n","protected":false},"featured_media":3336,"comment_status":"open","ping_status":"closed","template":"","meta":{"ocean_post_layout":"","ocean_both_sidebars_style":"","ocean_both_sidebars_content_width":0,"ocean_both_sidebars_sidebars_width":0,"ocean_sidebar":"0","ocean_second_sidebar":"0","ocean_disable_margins":"enable","ocean_add_body_class":"","ocean_shortcode_before_top_bar":"","ocean_shortcode_after_top_bar":"","ocean_shortcode_before_header":"","ocean_shortcode_after_header":"","ocean_has_shortcode":"","ocean_shortcode_after_title":"","ocean_shortcode_before_footer_widgets":"","ocean_shortcode_after_footer_widgets":"","ocean_shortcode_before_footer_bottom":"","ocean_shortcode_after_footer_bottom":"","ocean_display_top_bar":"default","ocean_display_header":"default","ocean_header_style":"","ocean_center_header_left_menu":"0","ocean_custom_header_template":"0","ocean_custom_logo":0,"ocean_custom_retina_logo":0,"ocean_custom_logo_max_width":0,"ocean_custom_logo_tablet_max_width":0,"ocean_custom_logo_mobile_max_width":0,"ocean_custom_logo_max_height":0,"ocean_custom_logo_tablet_max_height":0,"ocean_custom_logo_mobile_max_height":0,"ocean_header_custom_menu":"0","ocean_menu_typo_font_family":"0","ocean_menu_typo_font_subset":"","ocean_menu_typo_font_size":0,"ocean_menu_typo_font_size_tablet":0,"ocean_menu_typo_font_size_mobile":0,"ocean_menu_typo_font_size_unit":"px","ocean_menu_typo_font_weight":"","ocean_menu_typo_font_weight_tablet":"","ocean_menu_typo_font_weight_mobile":"","ocean_menu_typo_transform":"","ocean_menu_typo_transform_tablet":"","ocean_menu_typo_transform_mobile":"","ocean_menu_typo_line_height":0,"ocean_menu_typo_line_height_tablet":0,"ocean_menu_typo_line_height_mobile":0,"ocean_menu_typo_line_height_unit":"","ocean_menu_typo_spacing":0,"ocean_menu_typo_spacing_tablet":0,"ocean_menu_typo_spacing_mobile":0,"ocean_menu_typo_spacing_unit":"","ocean_menu_link_color":"","ocean_menu_link_color_hover":"","ocean_menu_link_color_active":"","ocean_menu_link_background":"","ocean_menu_link_hover_background":"","ocean_menu_link_active_background":"","ocean_menu_social_links_bg":"","ocean_menu_social_hover_links_bg":"","ocean_menu_social_links_color":"","ocean_menu_social_hover_links_color":"","ocean_disable_title":"default","ocean_disable_heading":"default","ocean_post_title":"","ocean_post_subheading":"","ocean_post_title_style":"","ocean_post_title_background_color":"","ocean_post_title_background":0,"ocean_post_title_bg_image_position":"","ocean_post_title_bg_image_attachment":"","ocean_post_title_bg_image_repeat":"","ocean_post_title_bg_image_size":"","ocean_post_title_height":0,"ocean_post_title_bg_overlay":0.5,"ocean_post_title_bg_overlay_color":"","ocean_disable_breadcrumbs":"default","ocean_breadcrumbs_color":"","ocean_breadcrumbs_separator_color":"","ocean_breadcrumbs_links_color":"","ocean_breadcrumbs_links_hover_color":"","ocean_display_footer_widgets":"default","ocean_display_footer_bottom":"default","ocean_custom_footer_template":"0"},"product_brand":[],"product_cat":[117,113,119,15,60],"product_tag":[],"class_list":{"0":"post-3326","1":"product","2":"type-product","3":"status-publish","4":"has-post-thumbnail","6":"product_cat-les-fils-dk","7":"product_cat-les-fils-doudous","8":"product_cat-les-fils-francais","9":"product_cat-defaut","10":"product_cat-toutes-mes-laines","12":"entry","13":"has-media","15":"first","16":"instock","17":"shipping-taxable","18":"purchasable","19":"product-type-variable","20":"has-product-nav","21":"col","22":"span_1_of_4","23":"owp-content-center","24":"owp-thumbs-layout-horizontal","25":"owp-btn-normal","26":"owp-tabs-layout-horizontal"},"_links":{"self":[{"href":"https:\/\/bycekaelle.com\/index.php\/wp-json\/wp\/v2\/product\/3326","targetHints":{"allow":["GET"]}}],"collection":[{"href":"https:\/\/bycekaelle.com\/index.php\/wp-json\/wp\/v2\/product"}],"about":[{"href":"https:\/\/bycekaelle.com\/index.php\/wp-json\/wp\/v2\/types\/product"}],"replies":[{"embeddable":true,"href":"https:\/\/bycekaelle.com\/index.php\/wp-json\/wp\/v2\/comments?post=3326"}],"version-history":[{"count":5,"href":"https:\/\/bycekaelle.com\/index.php\/wp-json\/wp\/v2\/product\/3326\/revisions"}],"predecessor-version":[{"id":3798,"href":"https:\/\/bycekaelle.com\/index.php\/wp-json\/wp\/v2\/product\/3326\/revisions\/3798"}],"wp:featuredmedia":[{"embeddable":true,"href":"https:\/\/bycekaelle.com\/index.php\/wp-json\/wp\/v2\/media\/3336"}],"wp:attachment":[{"href":"https:\/\/bycekaelle.com\/index.php\/wp-json\/wp\/v2\/media?parent=3326"}],"wp:term":[{"taxonomy":"product_brand","embeddable":true,"href":"https:\/\/bycekaelle.com\/index.php\/wp-json\/wp\/v2\/product_brand?post=3326"},{"taxonomy":"product_cat","embeddable":true,"href":"https:\/\/bycekaelle.com\/index.php\/wp-json\/wp\/v2\/product_cat?post=3326"},{"taxonomy":"product_tag","embeddable":true,"href":"https:\/\/bycekaelle.com\/index.php\/wp-json\/wp\/v2\/product_tag?post=3326"}],"curies":[{"name":"wp","href":"https:\/\/api.w.org\/{rel}","templated":true}]}}