{"id":4175,"date":"2026-04-24T11:03:04","date_gmt":"2026-04-24T09:03:04","guid":{"rendered":"https:\/\/bycekaelle.com\/?post_type=product&#038;p=4175"},"modified":"2026-04-24T13:16:41","modified_gmt":"2026-04-24T11:16:41","slug":"npotb-_le-kal","status":"publish","type":"product","link":"https:\/\/bycekaelle.com\/index.php\/produit\/npotb-_le-kal\/","title":{"rendered":"NPOTB _le Kal"},"content":{"rendered":"<p>Voici une version KAL ( knit along) d&rsquo;un de mes premiers mod\u00e8les de tricot. Il va se d\u00e9rouler sur la plateforme Discord o\u00f9 vous pourrez avoir de l&rsquo;aide \u00e0 chacune des 13 \u00e9tapes hebdomadaires. Un lien de connexion vous sera envoy\u00e9 par mail lors de l&rsquo;achat.<\/p>\n<p>NPOTP a \u00e9t\u00e9 cr\u00e9\u00e9 en collaboration avec Palaluna ( Fabienne Spinosa). Il s&rsquo;agit d&rsquo;une \u00e9tole r\u00e9alis\u00e9e pour utiliser vos restes de laine. Vous aurez besoin d&rsquo;une couleur principale pour toutes les bordures ( 100g\/366m) et de couleurs contrast\u00e9e dont le poids est not\u00e9 pour chaque section. Il est \u00e9galement possible de le r\u00e9aliser en bicolore ( 100g de couleur principale et 200g de couleur contrast\u00e9e)<\/p>\n<p>Toutes les sections sont expliqu\u00e9es avec sch\u00e9ma et rang par rang.<\/p>\n<p class=\"p1\"><b>Laines utilis\u00e9es :<\/b>Fil de grosseur fingering. <b> <\/b>3 versions possibles :<\/p>\n<p class=\"p1\"><span class=\"s1\">\u2022<\/span> version V\u00e9ro : 100g pour la couleur de base (C6) + 200g identiques pour les blocks (C1 \u00e0 C5) \u00a0 \u00a0 \u00a0 \u00a0 \u00a0 \u00a0 \u00a0 \u00a0 \u00a0 \u00a0 \u00a0 \u00a0 \u00a0 \u00a0 \u00a0 \u00a0 \u00a0 \u00a0 \u00a0 \u00a0 \u00a0 \u00a0 \u00a0 \u00a0 \u00a0 \u00a0 \u00a0 \u00a0 \u00a0 \u00a0 <span class=\"s1\">\u2022<\/span> version C\u00e9kaelle : 100g pour la couleur de base (C6) + 5 pelotons de 50g (pour \u00eatre large), de 5 couleurs diff\u00e9rentes (C1 \u00e0C5). \u00a0 \u00a0 \u00a0 \u00a0 \u00a0 \u00a0 \u00a0 \u00a0 \u00a0 <span class=\"s1\">\u2022<\/span> version \u00ab de folie \u00bb : 100g pour la couleur de base (C6) + 16 pelotons (2 de 25g, 8 de 16g, 5 de 10g, 1 de 3g)<\/p>\n","protected":false},"excerpt":{"rendered":"<p>Voici une version KAL ( knit along) d&rsquo;un de mes premiers mod\u00e8les de tricot. Il va se d\u00e9rouler sur la plateforme Discord o\u00f9 vous pourrez avoir de l&rsquo;aide \u00e0 chacune [&hellip;]<\/p>\n","protected":false},"featured_media":2543,"comment_status":"open","ping_status":"closed","template":"","meta":{"ocean_post_layout":"","ocean_both_sidebars_style":"","ocean_both_sidebars_content_width":0,"ocean_both_sidebars_sidebars_width":0,"ocean_sidebar":"0","ocean_second_sidebar":"0","ocean_disable_margins":"enable","ocean_add_body_class":"","ocean_shortcode_before_top_bar":"","ocean_shortcode_after_top_bar":"","ocean_shortcode_before_header":"","ocean_shortcode_after_header":"","ocean_has_shortcode":"","ocean_shortcode_after_title":"","ocean_shortcode_before_footer_widgets":"","ocean_shortcode_after_footer_widgets":"","ocean_shortcode_before_footer_bottom":"","ocean_shortcode_after_footer_bottom":"","ocean_display_top_bar":"default","ocean_display_header":"default","ocean_header_style":"","ocean_center_header_left_menu":"0","ocean_custom_header_template":"0","ocean_custom_logo":0,"ocean_custom_retina_logo":0,"ocean_custom_logo_max_width":0,"ocean_custom_logo_tablet_max_width":0,"ocean_custom_logo_mobile_max_width":0,"ocean_custom_logo_max_height":0,"ocean_custom_logo_tablet_max_height":0,"ocean_custom_logo_mobile_max_height":0,"ocean_header_custom_menu":"0","ocean_menu_typo_font_family":"0","ocean_menu_typo_font_subset":"","ocean_menu_typo_font_size":0,"ocean_menu_typo_font_size_tablet":0,"ocean_menu_typo_font_size_mobile":0,"ocean_menu_typo_font_size_unit":"px","ocean_menu_typo_font_weight":"","ocean_menu_typo_font_weight_tablet":"","ocean_menu_typo_font_weight_mobile":"","ocean_menu_typo_transform":"","ocean_menu_typo_transform_tablet":"","ocean_menu_typo_transform_mobile":"","ocean_menu_typo_line_height":0,"ocean_menu_typo_line_height_tablet":0,"ocean_menu_typo_line_height_mobile":0,"ocean_menu_typo_line_height_unit":"","ocean_menu_typo_spacing":0,"ocean_menu_typo_spacing_tablet":0,"ocean_menu_typo_spacing_mobile":0,"ocean_menu_typo_spacing_unit":"","ocean_menu_link_color":"","ocean_menu_link_color_hover":"","ocean_menu_link_color_active":"","ocean_menu_link_background":"","ocean_menu_link_hover_background":"","ocean_menu_link_active_background":"","ocean_menu_social_links_bg":"","ocean_menu_social_hover_links_bg":"","ocean_menu_social_links_color":"","ocean_menu_social_hover_links_color":"","ocean_disable_title":"default","ocean_disable_heading":"default","ocean_post_title":"","ocean_post_subheading":"","ocean_post_title_style":"","ocean_post_title_background_color":"","ocean_post_title_background":0,"ocean_post_title_bg_image_position":"","ocean_post_title_bg_image_attachment":"","ocean_post_title_bg_image_repeat":"","ocean_post_title_bg_image_size":"","ocean_post_title_height":0,"ocean_post_title_bg_overlay":0.5,"ocean_post_title_bg_overlay_color":"","ocean_disable_breadcrumbs":"default","ocean_breadcrumbs_color":"","ocean_breadcrumbs_separator_color":"","ocean_breadcrumbs_links_color":"","ocean_breadcrumbs_links_hover_color":"","ocean_display_footer_widgets":"default","ocean_display_footer_bottom":"default","ocean_custom_footer_template":"0"},"product_brand":[],"product_cat":[65,67],"product_tag":[],"class_list":{"0":"post-4175","1":"product","2":"type-product","3":"status-publish","4":"has-post-thumbnail","6":"product_cat-by-cekaelle-patron-de-tricot","7":"product_cat-sur-les-epaules-et-le-cou","9":"entry","10":"has-media","12":"first","13":"instock","14":"downloadable","15":"virtual","16":"purchasable","17":"product-type-simple","18":"has-product-nav","19":"col","20":"span_1_of_4","21":"owp-content-center","22":"owp-thumbs-layout-horizontal","23":"owp-btn-normal","24":"owp-tabs-layout-horizontal"},"_links":{"self":[{"href":"https:\/\/bycekaelle.com\/index.php\/wp-json\/wp\/v2\/product\/4175","targetHints":{"allow":["GET"]}}],"collection":[{"href":"https:\/\/bycekaelle.com\/index.php\/wp-json\/wp\/v2\/product"}],"about":[{"href":"https:\/\/bycekaelle.com\/index.php\/wp-json\/wp\/v2\/types\/product"}],"replies":[{"embeddable":true,"href":"https:\/\/bycekaelle.com\/index.php\/wp-json\/wp\/v2\/comments?post=4175"}],"version-history":[{"count":5,"href":"https:\/\/bycekaelle.com\/index.php\/wp-json\/wp\/v2\/product\/4175\/revisions"}],"predecessor-version":[{"id":4197,"href":"https:\/\/bycekaelle.com\/index.php\/wp-json\/wp\/v2\/product\/4175\/revisions\/4197"}],"wp:featuredmedia":[{"embeddable":true,"href":"https:\/\/bycekaelle.com\/index.php\/wp-json\/wp\/v2\/media\/2543"}],"wp:attachment":[{"href":"https:\/\/bycekaelle.com\/index.php\/wp-json\/wp\/v2\/media?parent=4175"}],"wp:term":[{"taxonomy":"product_brand","embeddable":true,"href":"https:\/\/bycekaelle.com\/index.php\/wp-json\/wp\/v2\/product_brand?post=4175"},{"taxonomy":"product_cat","embeddable":true,"href":"https:\/\/bycekaelle.com\/index.php\/wp-json\/wp\/v2\/product_cat?post=4175"},{"taxonomy":"product_tag","embeddable":true,"href":"https:\/\/bycekaelle.com\/index.php\/wp-json\/wp\/v2\/product_tag?post=4175"}],"curies":[{"name":"wp","href":"https:\/\/api.w.org\/{rel}","templated":true}]}}